{"id":113,"date":"2022-12-17T12:58:11","date_gmt":"2022-12-17T11:58:11","guid":{"rendered":"https:\/\/neu.hemmedesign.de\/?page_id=113"},"modified":"2022-12-22T16:56:44","modified_gmt":"2022-12-22T15:56:44","slug":"mailings","status":"publish","type":"page","link":"https:\/\/hemmedesign.de\/?page_id=113","title":{"rendered":"Mailings"},"content":{"rendered":"\n<figure class=\"wp-block-image size-large\"><img loading=\"lazy\" decoding=\"async\" width=\"1024\" height=\"422\" src=\"https:\/\/neu.hemmedesign.de\/wp-content\/uploads\/2022\/12\/Montage-UKE-INside-1024x422.png\" alt=\"\" class=\"wp-image-343\" srcset=\"https:\/\/hemmedesign.de\/wp-content\/uploads\/2022\/12\/Montage-UKE-INside-1024x422.png 1024w, https:\/\/hemmedesign.de\/wp-content\/uploads\/2022\/12\/Montage-UKE-INside-300x124.png 300w, https:\/\/hemmedesign.de\/wp-content\/uploads\/2022\/12\/Montage-UKE-INside-768x316.png 768w, https:\/\/hemmedesign.de\/wp-content\/uploads\/2022\/12\/Montage-UKE-INside-1536x633.png 1536w, https:\/\/hemmedesign.de\/wp-content\/uploads\/2022\/12\/Montage-UKE-INside-2048x844.png 2048w, https:\/\/hemmedesign.de\/wp-content\/uploads\/2022\/12\/Montage-UKE-INside-1080x445.png 1080w\" sizes=\"auto, (max-width: 1024px) 100vw, 1024px\" \/><figcaption class=\"wp-element-caption\">Einf\u00fchrung UKE INside. Vorstellung der Bereiche, eine Auswahl. Zielgruppe: Mitarbeiter des UKE. Fotos \u00a9 UKE|Claudia Ketels. Illustrationen \u00a9 Ulrike Hemme.<\/figcaption><\/figure>\n\n\n\n<figure class=\"wp-block-image size-large\"><img loading=\"lazy\" decoding=\"async\" width=\"1024\" height=\"275\" src=\"https:\/\/neu.hemmedesign.de\/wp-content\/uploads\/2022\/12\/MontageFlyer_offen-1024x275.png\" alt=\"\" class=\"wp-image-247\" srcset=\"https:\/\/hemmedesign.de\/wp-content\/uploads\/2022\/12\/MontageFlyer_offen-1024x275.png 1024w, https:\/\/hemmedesign.de\/wp-content\/uploads\/2022\/12\/MontageFlyer_offen-300x81.png 300w, https:\/\/hemmedesign.de\/wp-content\/uploads\/2022\/12\/MontageFlyer_offen-768x206.png 768w, https:\/\/hemmedesign.de\/wp-content\/uploads\/2022\/12\/MontageFlyer_offen-1536x413.png 1536w, https:\/\/hemmedesign.de\/wp-content\/uploads\/2022\/12\/MontageFlyer_offen-1080x290.png 1080w, https:\/\/hemmedesign.de\/wp-content\/uploads\/2022\/12\/MontageFlyer_offen.png 1772w\" sizes=\"auto, (max-width: 1024px) 100vw, 1024px\" \/><figcaption class=\"wp-element-caption\">Elbschloss Residenz. 2stufiges Mailing. Stufe 1: Einladung zur Er\u00f6ffnung des Wellness-Bereichs, Stufe 2: Reminder. Fotos \u00a9 Elbschloss Residenz Hamburg.<\/figcaption><\/figure>\n\n\n\n<figure class=\"wp-block-image size-large is-resized\"><img loading=\"lazy\" decoding=\"async\" src=\"https:\/\/neu.hemmedesign.de\/wp-content\/uploads\/2022\/12\/Elbschloss-Taschentuch-1024x764.png\" alt=\"\" class=\"wp-image-251\" width=\"334\" height=\"249\" srcset=\"https:\/\/hemmedesign.de\/wp-content\/uploads\/2022\/12\/Elbschloss-Taschentuch-1024x764.png 1024w, https:\/\/hemmedesign.de\/wp-content\/uploads\/2022\/12\/Elbschloss-Taschentuch-300x224.png 300w, https:\/\/hemmedesign.de\/wp-content\/uploads\/2022\/12\/Elbschloss-Taschentuch-768x573.png 768w, https:\/\/hemmedesign.de\/wp-content\/uploads\/2022\/12\/Elbschloss-Taschentuch-1080x806.png 1080w, https:\/\/hemmedesign.de\/wp-content\/uploads\/2022\/12\/Elbschloss-Taschentuch.png 1102w\" sizes=\"auto, (max-width: 334px) 100vw, 334px\" \/><\/figure>\n\n\n\n<figure class=\"wp-block-image size-large\"><img loading=\"lazy\" decoding=\"async\" width=\"1024\" height=\"223\" src=\"https:\/\/neu.hemmedesign.de\/wp-content\/uploads\/2022\/12\/Montage-Invitation-1024x223.png\" alt=\"\" class=\"wp-image-241\" srcset=\"https:\/\/hemmedesign.de\/wp-content\/uploads\/2022\/12\/Montage-Invitation-1024x223.png 1024w, https:\/\/hemmedesign.de\/wp-content\/uploads\/2022\/12\/Montage-Invitation-300x65.png 300w, https:\/\/hemmedesign.de\/wp-content\/uploads\/2022\/12\/Montage-Invitation-768x167.png 768w, https:\/\/hemmedesign.de\/wp-content\/uploads\/2022\/12\/Montage-Invitation-1536x335.png 1536w, https:\/\/hemmedesign.de\/wp-content\/uploads\/2022\/12\/Montage-Invitation-1080x236.png 1080w, https:\/\/hemmedesign.de\/wp-content\/uploads\/2022\/12\/Montage-Invitation.png 2027w\" sizes=\"auto, (max-width: 1024px) 100vw, 1024px\" \/><figcaption class=\"wp-element-caption\">MarketingAkademie Hamburg. Einladung zu einer Preisverleihung.<\/figcaption><\/figure>\n\n\n\n<figure class=\"wp-block-image size-full\"><img loading=\"lazy\" decoding=\"async\" width=\"975\" height=\"375\" src=\"https:\/\/neu.hemmedesign.de\/wp-content\/uploads\/2022\/12\/Lueerssen.png\" alt=\"\" class=\"wp-image-104\" srcset=\"https:\/\/hemmedesign.de\/wp-content\/uploads\/2022\/12\/Lueerssen.png 975w, https:\/\/hemmedesign.de\/wp-content\/uploads\/2022\/12\/Lueerssen-300x115.png 300w, https:\/\/hemmedesign.de\/wp-content\/uploads\/2022\/12\/Lueerssen-768x295.png 768w\" sizes=\"auto, (max-width: 975px) 100vw, 975px\" \/><figcaption class=\"wp-element-caption\">Konzeptarbeit f\u00fcr Fa. L\u00fcerssen, Druckveredelung. Einladung zum Firmenjubil\u00e4um. Foto \u00a9 Fa. L\u00fcerssen.<\/figcaption><\/figure>\n\n\n\n<p><\/p>\n","protected":false},"excerpt":{"rendered":"","protected":false},"author":1,"featured_media":0,"parent":0,"menu_order":0,"comment_status":"closed","ping_status":"closed","template":"","meta":{"footnotes":""},"class_list":["post-113","page","type-page","status-publish","hentry"],"_links":{"self":[{"href":"https:\/\/hemmedesign.de\/index.php?rest_route=\/wp\/v2\/pages\/113","targetHints":{"allow":["GET"]}}],"collection":[{"href":"https:\/\/hemmedesign.de\/index.php?rest_route=\/wp\/v2\/pages"}],"about":[{"href":"https:\/\/hemmedesign.de\/index.php?rest_route=\/wp\/v2\/types\/page"}],"author":[{"embeddable":true,"href":"https:\/\/hemmedesign.de\/index.php?rest_route=\/wp\/v2\/users\/1"}],"replies":[{"embeddable":true,"href":"https:\/\/hemmedesign.de\/index.php?rest_route=%2Fwp%2Fv2%2Fcomments&post=113"}],"version-history":[{"count":28,"href":"https:\/\/hemmedesign.de\/index.php?rest_route=\/wp\/v2\/pages\/113\/revisions"}],"predecessor-version":[{"id":380,"href":"https:\/\/hemmedesign.de\/index.php?rest_route=\/wp\/v2\/pages\/113\/revisions\/380"}],"wp:attachment":[{"href":"https:\/\/hemmedesign.de\/index.php?rest_route=%2Fwp%2Fv2%2Fmedia&parent=113"}],"curies":[{"name":"wp","href":"https:\/\/api.w.org\/{rel}","templated":true}]}}